{"id":216,"date":"2017-12-11T15:32:24","date_gmt":"2017-12-11T14:32:24","guid":{"rendered":"http:\/\/osteopathe.verny.org\/?page_id=216"},"modified":"2019-01-26T14:46:07","modified_gmt":"2019-01-26T13:46:07","slug":"osteopathe-en-entreprise","status":"publish","type":"page","link":"https:\/\/osteopathe.verny.org\/index.php\/cabinet\/osteopathe-en-entreprise\/","title":{"rendered":"Ost\u00e9opathe en entreprise?"},"content":{"rendered":"<hr>\n<h3><img decoding=\"async\" loading=\"lazy\" src=\"http:\/\/osteopathe.verny.org\/wp-content\/uploads\/2017\/11\/132093-218x300.png\" width=\"30\" height=\"30\"> Domaines d&rsquo;action de l&rsquo;ost\u00e9opathe ?<\/h3>\n<table width=\"100%\" border=\"0\">\n<tbody>\n<tr style=\"background-color: #ededed;\">\n<td style=\"text-align: center; padding: 10px;\" width=\"30%\">\n<h4 style=\"color: #48ba7c;\">Ergonomie<\/h4>\n<\/td>\n<td style=\"vertical-align: top;\">\n<p align=\"justify\">Utilisation et adaptation de vos postes de travail<\/p>\n<\/td>\n<\/tr>\n<tr>\n<td style=\"text-align: center; padding: 10px;\" width=\"30%\">\n<h4 style=\"color: #48ba7c;\">Diagnostic pr\u00e9coce des TMS<\/h4>\n<\/td>\n<td style=\"vertical-align: top;\">\n<p align=\"justify\">Afin d\u2019\u00e9viter qu\u2019ils ne deviennent des arr\u00eats de travail et des maladies professionnelles<\/p>\n<\/td>\n<\/tr>\n<tr style=\"background-color: #ededed;\">\n<td style=\"text-align: center; padding: 10px;\" width=\"30%\">\n<h4 style=\"color: #48ba7c;\">Traitement des TMS<\/h4>\n<\/td>\n<td style=\"vertical-align: top;\">\n<p align=\"justify\">Travail quotidien de l\u2019ost\u00e9opathe<\/p>\n<\/td>\n<\/tr>\n<tr>\n<td style=\"text-align: center; padding: 10px;\" width=\"30%\">\n<h4 style=\"color: #48ba7c;\">Gestion du stress<\/h4>\n<\/td>\n<td style=\"vertical-align: top;\">\n<p align=\"justify\">Ecoute, accompagnement, conseils et utilisation de techniques ost\u00e9opathiques permettant de g\u00e9rer les composantes physiques du stress.<\/p>\n<\/td>\n<\/tr>\n<tr style=\"background-color: #ededed;\">\n<td style=\"text-align: center; padding: 10px;\" width=\"30%\">\n<h4 style=\"color: #48ba7c;\">Accompagnement<\/h4>\n<\/td>\n<td style=\"vertical-align: top;\">\n<p align=\"justify\">Donner des conseils \u00e0 vos employ\u00e9s pour les facteurs de risques d\u2019apparition de TMS mais aussi pour la gestion de la pression au quotidien.<\/p>\n<\/td>\n<\/tr>\n<tr>\n<td style=\"text-align: center; padding: 10px;\" width=\"30%\">\n<h4 style=\"color: #48ba7c;\">Augmentation de la productivit\u00e9<\/h4>\n<\/td>\n<td style=\"vertical-align: top;\">\n<p align=\"justify\">Pour que tous vos employ\u00e9s travaillent au meilleur de leurs capacit\u00e9s.<\/p>\n<\/td>\n<\/tr>\n<tr style=\"background-color: #ededed;\">\n<td style=\"text-align: center; padding: 10px;\" width=\"30%\">\n<h4 style=\"color: #48ba7c;\">Valorisation<\/h4>\n<\/td>\n<td style=\"vertical-align: top;\">\n<p align=\"justify\">C\u2019est une tr\u00e8s bonne mani\u00e8re de r\u00e9compenser ou d\u2019encourager vos salari\u00e9s \u00e0 donner toujours le meilleur d\u2019eux-m\u00eames \u00e0 votre entreprise.<\/p>\n<\/td>\n<\/tr>\n<\/tbody>\n<\/table>\n<p><em>TMS = troubles musculo-squelettiques<\/em><\/p>\n<p>&nbsp;<\/p>\n<hr>\n<h3><img decoding=\"async\" loading=\"lazy\" src=\"http:\/\/osteopathe.verny.org\/wp-content\/uploads\/2017\/11\/132093-218x300.png\" width=\"30\" height=\"30\"> Domaines d&rsquo;action de l&rsquo;ost\u00e9opathe ?<\/h3>\n<p>Les tarifs propos\u00e9 comprennent : le d\u00e9placement, le mat\u00e9riel et les consultations sont inclus dans les tarifs ci-dessous et dans tous mes devis. <strong>Il est demand\u00e9 \u00e0 l\u2019entreprise est de me mettre \u00e0 disposition une salle dans laquelle je puisse garantir le respect du secret m\u00e9dical pendant toute la dur\u00e9e de mon intervention.<\/strong><\/p>\n<p hidden=\"hidden\"><img decoding=\"async\" loading=\"lazy\" class=\"alignnone size-full wp-image-227\" src=\"http:\/\/osteopathe.verny.org\/wp-content\/uploads\/2017\/12\/osteoETS.png\" alt=\"\" width=\"882\" height=\"492\" srcset=\"https:\/\/osteopathe.verny.org\/wp-content\/uploads\/2017\/12\/osteoETS.png 882w, https:\/\/osteopathe.verny.org\/wp-content\/uploads\/2017\/12\/osteoETS-300x167.png 300w, https:\/\/osteopathe.verny.org\/wp-content\/uploads\/2017\/12\/osteoETS-768x428.png 768w\" sizes=\"(max-width: 882px) 100vw, 882px\" \/><\/p>\n<p>Si vous souhaitez des horaires ou des prestations diff\u00e9rentes, merci de me contacter, je vous ferais un devis adapt\u00e9 \u00e0 vos besoins.<\/p>\n<p>Pour ce qui est de la prise en charge p\u00e9cuniaire, tous les choix s\u2019offrent \u00e0 vous : l\u2019entreprise peut payer l\u2019int\u00e9gralit\u00e9 de cette d\u00e9pense, faire participer le comit\u00e9 d\u2019entreprise ou encore laisser une petite part \u00e0 payer aux employ\u00e9s (leur offrant une consultation \u00e0 prix tr\u00e8s r\u00e9duit). A noter que dans ce dernier cas, je remettrais au patient une facture qui lui permettra, si la mutuelle d\u2019entreprise prend l\u2019ost\u00e9opathie en charge, de se faire rembourser.<\/p>\n","protected":false},"excerpt":{"rendered":"<p>Domaines d&rsquo;action de l&rsquo;ost\u00e9opathe ? Ergonomie Utilisation et adaptation de vos postes de travail Diagnostic pr\u00e9coce des TMS Afin d\u2019\u00e9viter qu\u2019ils ne deviennent des arr\u00eats de travail et des maladies professionnelles Traitement des TMS Travail quotidien de l\u2019ost\u00e9opathe Gestion du stress Ecoute, accompagnement, conseils et utilisation de techniques ost\u00e9opathiques permettant de g\u00e9rer les composantes physiques [&hellip;]<\/p>\n","protected":false},"author":1,"featured_media":0,"parent":9,"menu_order":0,"comment_status":"closed","ping_status":"closed","template":"","meta":[],"_links":{"self":[{"href":"https:\/\/osteopathe.verny.org\/index.php\/wp-json\/wp\/v2\/pages\/216"}],"collection":[{"href":"https:\/\/osteopathe.verny.org\/index.php\/wp-json\/wp\/v2\/pages"}],"about":[{"href":"https:\/\/osteopathe.verny.org\/index.php\/wp-json\/wp\/v2\/types\/page"}],"author":[{"embeddable":true,"href":"https:\/\/osteopathe.verny.org\/index.php\/wp-json\/wp\/v2\/users\/1"}],"replies":[{"embeddable":true,"href":"https:\/\/osteopathe.verny.org\/index.php\/wp-json\/wp\/v2\/comments?post=216"}],"version-history":[{"count":11,"href":"https:\/\/osteopathe.verny.org\/index.php\/wp-json\/wp\/v2\/pages\/216\/revisions"}],"predecessor-version":[{"id":317,"href":"https:\/\/osteopathe.verny.org\/index.php\/wp-json\/wp\/v2\/pages\/216\/revisions\/317"}],"up":[{"embeddable":true,"href":"https:\/\/osteopathe.verny.org\/index.php\/wp-json\/wp\/v2\/pages\/9"}],"wp:attachment":[{"href":"https:\/\/osteopathe.verny.org\/index.php\/wp-json\/wp\/v2\/media?parent=216"}],"curies":[{"name":"wp","href":"https:\/\/api.w.org\/{rel}","templated":true}]}}