{"id":241,"date":"2017-12-11T16:09:03","date_gmt":"2017-12-11T15:09:03","guid":{"rendered":"http:\/\/osteopathe.verny.org\/?page_id=241"},"modified":"2017-12-11T16:12:45","modified_gmt":"2017-12-11T15:12:45","slug":"tms","status":"publish","type":"page","link":"https:\/\/osteopathe.verny.org\/index.php\/pourquoi-consulter\/tms\/","title":{"rendered":"TMS"},"content":{"rendered":"<div class=\"entry-content\">\n<h1 style=\"text-align: left;\">TMS, entreprise et ost\u00e9opathie<\/h1>\n<h3>1\/ \u00a0 D\u00e9finition<\/h3>\n<p>L\u2019appellation troubles musculo-squelettiques ou TMS regroupe tout un ensemble d\u2019affections de l\u2019appareil locomoteur qui se manifestent g\u00e9n\u00e9ralement par une g\u00e8ne fonctionnelle (au mouvement) et une douleur plus ou moins importantes. Quelle que soit leur localisation, les TMS peuvent devenir irr\u00e9versibles et entra\u00eener un handicap durable. Toutes les structures de l\u2019appareil locomoteur peuvent \u00eatre atteintes\u00a0: tendons, muscles, nerfs, ligaments, vaisseaux sanguins, \u2026<\/p>\n<p>Les TMS de la colonne vert\u00e9brale \u2013 lombalgie (bas du dos) et cervicalgie (nuque) \u2013 et des membres sup\u00e9rieurs (syndrome du canal carpien, coiffe des rotateurs de l\u2019\u00e9paule, \u2026) sont les plus fr\u00e9quents. Il existe \u00e9galement des TMS au niveau des membres inf\u00e9rieurs (comme l\u2019hygroma du genou) mais sont globalement plus rares et li\u00e9s aux contraintes du m\u00e9tier (carreleur par exemple).<\/p>\n<p>Au niveau des maladies professionnelles, les TMS correspondent aux tableaux (Source INRS)\u00a0:<\/p>\n<h2><img decoding=\"async\" loading=\"lazy\" class=\"size-full wp-image-245 aligncenter\" src=\"http:\/\/osteopathe.verny.org\/wp-content\/uploads\/2017\/12\/Capture-du2019e\u0301cran-2017-02-14-a\u0300-18.35.57.png\" alt=\"\" width=\"930\" height=\"264\" srcset=\"https:\/\/osteopathe.verny.org\/wp-content\/uploads\/2017\/12\/Capture-du2019e\u0301cran-2017-02-14-a\u0300-18.35.57.png 930w, https:\/\/osteopathe.verny.org\/wp-content\/uploads\/2017\/12\/Capture-du2019e\u0301cran-2017-02-14-a\u0300-18.35.57-300x85.png 300w, https:\/\/osteopathe.verny.org\/wp-content\/uploads\/2017\/12\/Capture-du2019e\u0301cran-2017-02-14-a\u0300-18.35.57-768x218.png 768w\" sizes=\"(max-width: 930px) 100vw, 930px\" \/><\/h2>\n<h3>2\/ \u00a0 Facteurs de risque<\/h3>\n<p>S\u2019il existe des facteurs de pr\u00e9disposition \u00e0 l\u2019\u00e9chelle de l\u2019individu que ce soit au niveau de l\u2019\u00e2ge, de certaines maladies, du mode de vie. Toutefois, le r\u00f4le des contraintes lors de l\u2019exercice professionnel n\u2019est plus \u00e0 d\u00e9montrer. Ces contraintes sont de 3 types diff\u00e9rents\u00a0: biom\u00e9caniques (postures extr\u00eames et\/ou prolong\u00e9es, r\u00e9p\u00e9titivit\u00e9, \u2026), psychosociales (manque de reconnaissance, forte demande psychologiques, \u2026) et organisationnelles (manque de temps de r\u00e9cup\u00e9ration, de marge de man\u0153uvre, \u2026). Et c\u2019est l\u2019accumulation de ces contraintes qui va d\u00e9passer les capacit\u00e9s de l\u2019employ\u00e9 et entra\u00eener l\u2019apparition des TMS.<\/p>\n<p>Face \u00e0 ces probl\u00e8mes, l\u2019ost\u00e9opathe peut agir en\u00a0:<\/p>\n<ul>\n<li>Diminuant les tensions musculaires, articulaires ou digestives<\/li>\n<li>Donnant des conseils d\u2019alimentation, d\u2019hydratation et d\u2019\u00e9tirement<\/li>\n<li>Dialoguant ce qui permet de mettre en \u00e9vidence des difficult\u00e9s non \u00e9voqu\u00e9es jusqu\u2019ici<\/li>\n<\/ul>\n<p><img decoding=\"async\" loading=\"lazy\" class=\"alignnone size-full wp-image-244 aligncenter\" src=\"http:\/\/osteopathe.verny.org\/wp-content\/uploads\/2017\/12\/Capture-du2019e\u0301cran-2017-02-14-a\u0300-18.31.49.png\" alt=\"\" width=\"847\" height=\"452\" srcset=\"https:\/\/osteopathe.verny.org\/wp-content\/uploads\/2017\/12\/Capture-du2019e\u0301cran-2017-02-14-a\u0300-18.31.49.png 847w, https:\/\/osteopathe.verny.org\/wp-content\/uploads\/2017\/12\/Capture-du2019e\u0301cran-2017-02-14-a\u0300-18.31.49-300x160.png 300w, https:\/\/osteopathe.verny.org\/wp-content\/uploads\/2017\/12\/Capture-du2019e\u0301cran-2017-02-14-a\u0300-18.31.49-768x410.png 768w\" sizes=\"(max-width: 847px) 100vw, 847px\" \/><br \/>\nDe plus, le co\u00fbt r\u00e9el des TMS pour l\u2019entreprise doit comprendre \u00e9galement\u00a0:<br \/>\nEn France, par an, c\u2019est plus de 40\u00a0000 nouveaux cas qui sont d\u00e9clar\u00e9s au r\u00e9gime g\u00e9n\u00e9ral et indemnis\u00e9s \u00e0 hauteur de, en moyenne, 21\u00a0300\u20ac par patient. Tous les secteurs professionnels sans exception sont concern\u00e9s.<\/p>\n<p>Il est important de noter que ce co\u00fbt est couvert par la cotisation d\u2019accidents du travail (AT) et de maladies professionnelles (MP) dont le taux est fix\u00e9 par la CARSAT. La tarification se fait selon la taille de l\u2019entreprise et l\u2019activit\u00e9 de ses salari\u00e9s mais le taux \u00e0 payer pour l\u2019employeur est fix\u00e9 selon les r\u00e9sultats de l\u2019entreprise en mati\u00e8re d\u2019AT et de MP d\u00e9clar\u00e9es.<\/p>\n<p>En d\u2019autres termes, plus vous faites de la pr\u00e9vention \u00e0 la fois collective et individuelle et plus vos employ\u00e9s ont acc\u00e8s aux soins, plus le nombre d\u2019AT et de MP sera faible et donc plus votre cotisation annuelle diminuera.<\/p>\n<p><img decoding=\"async\" loading=\"lazy\" class=\"alignnone size-full wp-image-243 aligncenter\" src=\"http:\/\/osteopathe.verny.org\/wp-content\/uploads\/2017\/12\/graph.png\" alt=\"\" width=\"781\" height=\"520\" srcset=\"https:\/\/osteopathe.verny.org\/wp-content\/uploads\/2017\/12\/graph.png 781w, https:\/\/osteopathe.verny.org\/wp-content\/uploads\/2017\/12\/graph-300x200.png 300w, https:\/\/osteopathe.verny.org\/wp-content\/uploads\/2017\/12\/graph-768x511.png 768w, https:\/\/osteopathe.verny.org\/wp-content\/uploads\/2017\/12\/graph-272x182.png 272w\" sizes=\"(max-width: 781px) 100vw, 781px\" \/><\/p>\n<ul>\n<li>La baisse de productivit\u00e9 due aux absences r\u00e9p\u00e9t\u00e9es (arr\u00eats de travail, soins) ainsi que par les difficult\u00e9s rencontr\u00e9es dans l\u2019exercice du travail (douleur, g\u00e8ne, \u2026)<\/li>\n<li>La baisse d\u2019implication des salari\u00e9s concern\u00e9s et les conflits que cela peut entra\u00eener<\/li>\n<li>Les cons\u00e9quences en terme d\u2019image pour l\u2019entreprise<\/li>\n<\/ul>\n<p>Plus qu\u2019un simple soin, l\u2019intervention en entreprise d\u2019un ost\u00e9opathe, par son action de pr\u00e9vention des TMS permet d\u2019\u00e9viter la baisse de productivit\u00e9, d\u2019image, de rentabilit\u00e9 de l\u2019entreprise et, par cons\u00e9quent, constitue un investissement d\u2019utilit\u00e9 majeure.<\/p>\n<p><img decoding=\"async\" loading=\"lazy\" class=\"size-full wp-image-242 aligncenter\" src=\"http:\/\/osteopathe.verny.org\/wp-content\/uploads\/2017\/12\/Capture-du2019e\u0301cran-2017-02-14-a\u0300-18.14.13.png\" alt=\"\" width=\"723\" height=\"726\" srcset=\"https:\/\/osteopathe.verny.org\/wp-content\/uploads\/2017\/12\/Capture-du2019e\u0301cran-2017-02-14-a\u0300-18.14.13.png 723w, https:\/\/osteopathe.verny.org\/wp-content\/uploads\/2017\/12\/Capture-du2019e\u0301cran-2017-02-14-a\u0300-18.14.13-150x150.png 150w, https:\/\/osteopathe.verny.org\/wp-content\/uploads\/2017\/12\/Capture-du2019e\u0301cran-2017-02-14-a\u0300-18.14.13-300x300.png 300w\" sizes=\"(max-width: 723px) 100vw, 723px\" \/><\/p>\n<p><em>R\u00e9dig\u00e9 par Mr Midavaine<\/em><\/p>\n<\/div>\n","protected":false},"excerpt":{"rendered":"<p>TMS, entreprise et ost\u00e9opathie 1\/ \u00a0 D\u00e9finition L\u2019appellation troubles musculo-squelettiques ou TMS regroupe tout un ensemble d\u2019affections de l\u2019appareil locomoteur qui se manifestent g\u00e9n\u00e9ralement par une g\u00e8ne fonctionnelle (au mouvement) et une douleur plus ou moins importantes. Quelle que soit leur localisation, les TMS peuvent devenir irr\u00e9versibles et entra\u00eener un handicap durable. Toutes les structures [&hellip;]<\/p>\n","protected":false},"author":1,"featured_media":0,"parent":31,"menu_order":0,"comment_status":"closed","ping_status":"closed","template":"","meta":[],"_links":{"self":[{"href":"https:\/\/osteopathe.verny.org\/index.php\/wp-json\/wp\/v2\/pages\/241"}],"collection":[{"href":"https:\/\/osteopathe.verny.org\/index.php\/wp-json\/wp\/v2\/pages"}],"about":[{"href":"https:\/\/osteopathe.verny.org\/index.php\/wp-json\/wp\/v2\/types\/page"}],"author":[{"embeddable":true,"href":"https:\/\/osteopathe.verny.org\/index.php\/wp-json\/wp\/v2\/users\/1"}],"replies":[{"embeddable":true,"href":"https:\/\/osteopathe.verny.org\/index.php\/wp-json\/wp\/v2\/comments?post=241"}],"version-history":[{"count":3,"href":"https:\/\/osteopathe.verny.org\/index.php\/wp-json\/wp\/v2\/pages\/241\/revisions"}],"predecessor-version":[{"id":252,"href":"https:\/\/osteopathe.verny.org\/index.php\/wp-json\/wp\/v2\/pages\/241\/revisions\/252"}],"up":[{"embeddable":true,"href":"https:\/\/osteopathe.verny.org\/index.php\/wp-json\/wp\/v2\/pages\/31"}],"wp:attachment":[{"href":"https:\/\/osteopathe.verny.org\/index.php\/wp-json\/wp\/v2\/media?parent=241"}],"curies":[{"name":"wp","href":"https:\/\/api.w.org\/{rel}","templated":true}]}}