{"id":28,"date":"2017-11-23T20:02:25","date_gmt":"2017-11-23T19:02:25","guid":{"rendered":"http:\/\/osteopathe.verny.org\/?page_id=28"},"modified":"2022-01-09T18:13:31","modified_gmt":"2022-01-09T17:13:31","slug":"comment-se-deroule-une-consultation","status":"publish","type":"page","link":"https:\/\/osteopathe.verny.org\/index.php\/cabinet\/comment-se-deroule-une-consultation\/","title":{"rendered":"Comment se d\u00e9roule une consultation ?"},"content":{"rendered":"<hr \/>\n<p style=\"text-align: center;\">La consultation dure environ <b>60 minutes<\/b> et est divis\u00e9e en <b>3 parties<\/b> :<\/p>\n<table border=\"0\" width=\"100%\">\n<tbody>\n<tr style=\"background-color: #ededed;\">\n<td style=\"text-align: center;\" width=\"20%\"><img decoding=\"async\" loading=\"lazy\" class=\"alignn one size-full wp-image-123\" style=\"background-color: #48ba7c; -webkit-border-radius: 999px; -moz-border-radius: 999px; border-radius: 999px; position: relative; top: 20px;\" src=\"http:\/\/osteopathe.verny.org\/wp-content\/uploads\/2017\/11\/1_interrogatoire.png\" alt=\"\" width=\"70\" height=\"70\" \/><\/p>\n<h4 style=\"color: #48ba7c;\">Anamn\u00e8se<\/h4>\n<\/td>\n<td style=\"vertical-align: top;\">\n<p align=\"justify\"><b>1. Interrogatoire :<\/b> L\u2019ost\u00e9opathe pose une batterie de questions compl\u00e8tes pour bien conna\u00eetre la plainte de son patient et son \u00e9tat g\u00e9n\u00e9ral. Cela permet d\u2019avoir une vision globale de la sant\u00e9 du patient. Il est important de ramener si possible les examens compl\u00e9mentaires ou le carnet de sant\u00e9 pour le nouveau-n\u00e9 ou les jeunes enfants.<\/p>\n<p>&nbsp;<\/td>\n<\/tr>\n<tr>\n<td style=\"text-align: center;\" width=\"20%\"><img decoding=\"async\" loading=\"lazy\" class=\"alignnone size-full wp-image-124\" style=\"background-color: #48ba7c; -webkit-border-radius: 999px; -moz-border-radius: 999px; border-radius: 999px; position: relative; top: 20px;\" src=\"http:\/\/osteopathe.verny.org\/wp-content\/uploads\/2017\/11\/2_test.png\" alt=\"\" width=\"70\" height=\"70\" \/><\/p>\n<h4 style=\"color: #48ba7c;\">Tests<\/h4>\n<\/td>\n<td style=\"vertical-align: top;\">\n<p align=\"justify\"><b>2. Phase de tests :<\/b> L\u2019ost\u00e9opathe commence par une observation pour conna\u00eetre la position globale. Ensuite il y a des tests m\u00e9dicaux qui permettent d\u2019exclure les pathologies que l\u2019ost\u00e9opathe ne peut pas prendre en charge. Si ces tests sont positifs, vous serez r\u00e9orient\u00e9 vers votre m\u00e9decin traitant.<\/p>\n<p align=\"justify\">Puis il y a les tests ost\u00e9opathiques qui permettent \u00e0 l\u2019ost\u00e9opathe de trouver les dysfonctions qui lui permettront de mettre en place un plan de traitement.<\/p>\n<\/td>\n<\/tr>\n<tr style=\"background-color: #ededed;\">\n<td style=\"text-align: center;\" width=\"20%\"><img decoding=\"async\" loading=\"lazy\" class=\"alignnone size-full wp-image-125\" style=\"background-color: #48ba7c; -webkit-border-radius: 999px; -moz-border-radius: 999px; border-radius: 999px; position: relative; top: 20px;\" src=\"http:\/\/osteopathe.verny.org\/wp-content\/uploads\/2017\/11\/3_ttt.png\" alt=\"\" width=\"70\" height=\"70\" \/><\/p>\n<h4 style=\"color: #48ba7c;\">Traitement<\/h4>\n<\/td>\n<td style=\"vertical-align: top;\">\n<p align=\"justify\"><b>3. Traitement :<\/b> Apr\u00e8s l\u2019anamn\u00e8se et la phase de tests finie, l\u2019ost\u00e9opathe \u00e9tablit son plan de traitement. Il va choisir diff\u00e9rentes techniques qui lui semblent adapt\u00e9es. Attention l\u2019ost\u00e9opathe peut traiter \u00e0 distance la plainte du patient notamment qui la douleur est tr\u00e8s aigu\u00eb.<\/p>\n<p align=\"justify\">Le corps peut r\u00e9agir apr\u00e8s la s\u00e9ance de diff\u00e9rentes fa\u00e7ons (fatigue, douleur jusqu&rsquo;\u00e0 2 \u00e0 3j apr\u00e8s la s\u00e9ance). Le corps doit retrouver son \u00e9quilibre. Le corps doit r\u00e9cup\u00e9rer de la s\u00e9ance d\u2019ost\u00e9opathie. Il est conseill\u00e9 de se reposer 24h \u00e0 48h apr\u00e8s la s\u00e9ance (pas de grosses s\u00e9ances de sport\/ou d\u2019activit\u00e9 physique trop importante).<\/p>\n<p align=\"justify\">Les s\u00e9ances se d\u00e9roulent en sous-v\u00eatements pour les personnes pudiques il est conseill\u00e9 de prendre un short ou shorty ainsi qu\u2019un d\u00e9bardeur.<\/p>\n<\/td>\n<\/tr>\n<\/tbody>\n<\/table>\n","protected":false},"excerpt":{"rendered":"<p>La consultation dure environ 60 minutes et est divis\u00e9e en 3 parties : Anamn\u00e8se 1. Interrogatoire : L\u2019ost\u00e9opathe pose une batterie de questions compl\u00e8tes pour bien conna\u00eetre la plainte de son patient et son \u00e9tat g\u00e9n\u00e9ral. Cela permet d\u2019avoir une vision globale de la sant\u00e9 du patient. Il est important de ramener si possible les [&hellip;]<\/p>\n","protected":false},"author":1,"featured_media":0,"parent":9,"menu_order":0,"comment_status":"closed","ping_status":"closed","template":"","meta":[],"_links":{"self":[{"href":"https:\/\/osteopathe.verny.org\/index.php\/wp-json\/wp\/v2\/pages\/28"}],"collection":[{"href":"https:\/\/osteopathe.verny.org\/index.php\/wp-json\/wp\/v2\/pages"}],"about":[{"href":"https:\/\/osteopathe.verny.org\/index.php\/wp-json\/wp\/v2\/types\/page"}],"author":[{"embeddable":true,"href":"https:\/\/osteopathe.verny.org\/index.php\/wp-json\/wp\/v2\/users\/1"}],"replies":[{"embeddable":true,"href":"https:\/\/osteopathe.verny.org\/index.php\/wp-json\/wp\/v2\/comments?post=28"}],"version-history":[{"count":36,"href":"https:\/\/osteopathe.verny.org\/index.php\/wp-json\/wp\/v2\/pages\/28\/revisions"}],"predecessor-version":[{"id":332,"href":"https:\/\/osteopathe.verny.org\/index.php\/wp-json\/wp\/v2\/pages\/28\/revisions\/332"}],"up":[{"embeddable":true,"href":"https:\/\/osteopathe.verny.org\/index.php\/wp-json\/wp\/v2\/pages\/9"}],"wp:attachment":[{"href":"https:\/\/osteopathe.verny.org\/index.php\/wp-json\/wp\/v2\/media?parent=28"}],"curies":[{"name":"wp","href":"https:\/\/api.w.org\/{rel}","templated":true}]}}