{"id":40,"date":"2017-11-26T21:03:12","date_gmt":"2017-11-26T20:03:12","guid":{"rendered":"http:\/\/osteopathe.verny.org\/?page_id=40"},"modified":"2017-11-29T11:07:03","modified_gmt":"2017-11-29T10:07:03","slug":"adultes-seniors","status":"publish","type":"page","link":"https:\/\/osteopathe.verny.org\/index.php\/pourquoi-consulter\/adultes-seniors\/","title":{"rendered":"Adultes \/ S\u00e9niors"},"content":{"rendered":"<div style=\"width: calc(50% - ( 0.5 * 30px ) ); float: left;\">\n<h1 style=\"text-align: center;\">Ost\u00e9opathie &amp; Adultes<\/h1>\n<hr \/>\n<h3><img decoding=\"async\" loading=\"lazy\" src=\"http:\/\/osteopathe.verny.org\/wp-content\/uploads\/2017\/11\/148907-300x288.png\" width=\"30\" height=\"30\" \/> Les douleurs d&rsquo;origine m\u00e9caniques et neurologiques<\/h3>\n<ul>\n<li>Cervicalgie, torticolis, dorsalgie, costalgie, lombalgie, lumbagos, sciatalgie, cruralgie, douleur au niveau du coccyx, des hanches ou tout autre douleur articulaire (genou, cheville, \u00e9paule, coude, poignet).<\/li>\n<li>N\u00e9vralgie cervico-brachiale, tendinite, syndrome du canal carpien d\u00e9butant, s\u00e9quelles d&rsquo;entorse et luxation.<\/li>\n<\/ul>\n<p>Suite \u00e0 tout AVP ou traumatismes il est fortement conseill\u00e9 d\u2019avoir un avis m\u00e9dical pr\u00e9ventif.<\/p>\n<h3><img decoding=\"async\" loading=\"lazy\" src=\"http:\/\/osteopathe.verny.org\/wp-content\/uploads\/2017\/11\/148907-300x288.png\" width=\"30\" height=\"30\" \/> Les atteintes digestives<\/h3>\n<ul>\n<li style=\"list-style-type: none;\">\n<ul>\n<li>Diarrh\u00e9es, constipation, naus\u00e9es, reflux gastro-\u0153sophagien (RGO), ballonnements..<\/li>\n<li>L&rsquo;ost\u00e9opathie traite tr\u00e8s bien tous ces maux qui sont souvent dus \u00e0 des manques de mobilit\u00e9 du syst\u00e8me digestif.<\/li>\n<\/ul>\n<\/li>\n<\/ul>\n<h3><img decoding=\"async\" loading=\"lazy\" src=\"http:\/\/osteopathe.verny.org\/wp-content\/uploads\/2017\/11\/148907-300x288.png\" width=\"30\" height=\"30\" \/> La plupart des migraines<\/h3>\n<p>Qu&rsquo;elles soient pr\u00e9sentes depuis des ann\u00e9es ou non.<\/p>\n<h3><img decoding=\"async\" loading=\"lazy\" src=\"http:\/\/osteopathe.verny.org\/wp-content\/uploads\/2017\/11\/148907-300x288.png\" width=\"30\" height=\"30\" \/> Les troubles de la sph\u00e8re ORL<\/h3>\n<p>Rhinites, sinusites chroniques, otites, acouph\u00e8nes, troubles de la d\u00e9glutition, vertiges.<\/p>\n<h3><img decoding=\"async\" loading=\"lazy\" src=\"http:\/\/osteopathe.verny.org\/wp-content\/uploads\/2017\/11\/148907-300x288.png\" width=\"30\" height=\"30\" \/> Les atteintes circulatoires<\/h3>\n<p>Quand il s&rsquo;agit de jambes lourdes, h\u00e9morro\u00efdes et que ce sont des troubles fonctionnels.<\/p>\n<h3><img decoding=\"async\" loading=\"lazy\" src=\"http:\/\/osteopathe.verny.org\/wp-content\/uploads\/2017\/11\/148907-300x288.png\" width=\"30\" height=\"30\" \/> Le stress et ses cons\u00e9quences<\/h3>\n<p>Angoisse, anxi\u00e9t\u00e9, spasmophilie, troubles du sommeil et de la concentration, \u00e9tat d\u00e9pressifs.<\/p>\n<h3><img decoding=\"async\" loading=\"lazy\" src=\"http:\/\/osteopathe.verny.org\/wp-content\/uploads\/2017\/11\/148907-300x288.png\" width=\"30\" height=\"30\" \/> Troubles g\u00e9nitaux-urinaires<\/h3>\n<p align=\"justify\">Certaines \u00e9nur\u00e9sie, prostatites, incontinences d\u00e9butantes, troubles de la m\u00e9nopause, les r\u00e8gles douloureuses, les douleurs au rapport, troubles du cycle menstruel et probl\u00e8me de fertilit\u00e9.<\/p>\n<h3><img decoding=\"async\" loading=\"lazy\" src=\"http:\/\/osteopathe.verny.org\/wp-content\/uploads\/2017\/11\/148907-300x288.png\" width=\"30\" height=\"30\" \/> Traitement post-chirurgicaux ou suite aux fractures<\/h3>\n<p align=\"justify\">L&rsquo;ost\u00e9opathie permet d&rsquo;aider le corps \u00e0 retrouver un \u00e9quilibre apr\u00e8s une op\u00e9ration chirurgicale, en travaillant sur les cicatrices et sur les tissus l\u00e9s\u00e9s par l\u2019acte chirurgical ou la fracture.<\/p>\n<p align=\"justify\">La r\u00e9\u00e9ducation et la r\u00e9cup\u00e9ration sont facilit\u00e9es et acc\u00e9l\u00e9r\u00e9es et le traitement ost\u00e9opathique permet d&rsquo;\u00e9viter certaines douleurs \u00e0 type de tension, tiraillements.<\/p>\n<p align=\"justify\">Il faut consulter d\u00e8s que le m\u00e9decin n&rsquo;y voit pas de contre-indication, plus la prise en charge est pr\u00e9coce meilleure est la r\u00e9cup\u00e9ration.<\/p>\n<h3><img decoding=\"async\" loading=\"lazy\" src=\"http:\/\/osteopathe.verny.org\/wp-content\/uploads\/2017\/11\/148907-300x288.png\" width=\"30\" height=\"30\" \/> Ost\u00e9opathie et les probl\u00e8mes dentaires<\/h3>\n<p align=\"justify\">L\u2019ost\u00e9opathe teste l\u2019influence de l\u2019articul\u00e9 dentaire sur la posture et l\u2019\u00e9quilibre du corps en g\u00e9n\u00e9ral. Un suivi ost\u00e9opathique est b\u00e9n\u00e9fique lors d\u2019un traitement orthodontique car il permet au patient de mieux supporter l\u2019appareil, mais aussi de diminuer les effets de la contention sur l\u2019organisme en rel\u00e2chant les contraintes cr\u00e2niennes, cervicales et de l\u2019articul\u00e9 dentaire.<\/p>\n<p>J\u2019ai d\u2019ailleurs effectu\u00e9 mon m\u00e9moire sur ce sujet.<\/p>\n<h3><img decoding=\"async\" loading=\"lazy\" src=\"http:\/\/osteopathe.verny.org\/wp-content\/uploads\/2017\/11\/190406-300x296.png\" width=\"30\" height=\"30\" \/> L\u2019ost\u00e9opathie ne pourra pas prendre en charge toutes les maladies organiques comme :<\/h3>\n<ul>\n<li>Le cancer ;<\/li>\n<li>Les pathologies d\u00e9g\u00e9n\u00e9ratives ;<\/li>\n<li>Les pathologies infectieuses ;<\/li>\n<li>Les pathologies auto-immunes.<\/li>\n<\/ul>\n<p>Mais, l\u2019ost\u00e9opathie peut amener un r\u00e9el soulagement dans l\u2019accompagnement de certaines maladies, un avis m\u00e9dical est obligatoire s&rsquo;il y a pr\u00e9sence d&rsquo;une de ses pathologies.<\/p>\n<\/div>\n<div style=\"width: calc(50% - ( 0.5 * 30px ) ); float: right;\">\n<h1 style=\"text-align: center;\">Ost\u00e9opathie &amp; S\u00e9niors<\/h1>\n<hr \/>\n<p align=\"justify\">Avec l\u2019allongement de la dur\u00e9e de vie, le terme s\u00e9nior est de plus en plus employ\u00e9. Attention s\u00e9nior ne veut pas dire s\u00e9nile. Malgr\u00e9 cela avec le temps le corps perd de plus en plus de mobilit\u00e9, les ligaments se distendent, les muscles perdent en \u00e9lasticit\u00e9, la colonne vert\u00e9brale se tasse et les cartilages peuvent d\u00e9g\u00e9n\u00e9rer en arthrose. La station debout et les gestes de la vie quotidienne peuvent devenir difficiles \u00e0 r\u00e9aliser. Le patient peut faire l\u2019objet de douleurs chroniques.<br \/>\nLes s\u00e9niors peuvent devenir sujets aux chutes, avoir une perte de rep\u00e8res ou \u00eatre priv\u00e9s de leur autonomie ce qui va les pousser \u00e0 un isolement certain.<\/p>\n<p align=\"justify\">Par sa prise en charge globale, l\u2019ost\u00e9opathe pour les s\u00e9niors va pouvoir lutter efficacement contre ce vieillissement physique, il va permettre aux s\u00e9niors de garder son autonomie et de soulager les principaux sympt\u00f4mes du vieillissement : arthrose (gonarthroses et coxarthroses) aux rhumatismes, aux troubles digestifs, troubles du sommeil, incontinence ainsi que les autres sympt\u00f4mes retrouv\u00e9s chez tout le monde.<\/p>\n<p align=\"justify\">Attention, l\u2019ost\u00e9opathie ne peut pas gu\u00e9rir les maladies d\u00e9g\u00e9n\u00e9ratives de type arthrose, ost\u00e9oporose et rhumatismes.<\/p>\n<p align=\"justify\">Les techniques utilis\u00e9es doivent tenir compte de votre \u00e2ge. Les manipulations sont donc adapt\u00e9es pour respecter votre \u00e9tat de sant\u00e9, votre forme et votre condition physique du moment.<br \/>\nVous n\u2019avez aucune inqui\u00e9tude \u00e0 avoir.<\/p>\n<\/div>\n","protected":false},"excerpt":{"rendered":"<p>Ost\u00e9opathie &amp; Adultes Les douleurs d&rsquo;origine m\u00e9caniques et neurologiques Cervicalgie, torticolis, dorsalgie, costalgie, lombalgie, lumbagos, sciatalgie, cruralgie, douleur au niveau du coccyx, des hanches ou tout autre douleur articulaire (genou, cheville, \u00e9paule, coude, poignet). N\u00e9vralgie cervico-brachiale, tendinite, syndrome du canal carpien d\u00e9butant, s\u00e9quelles d&rsquo;entorse et luxation. Suite \u00e0 tout AVP ou traumatismes il est fortement [&hellip;]<\/p>\n","protected":false},"author":1,"featured_media":0,"parent":31,"menu_order":0,"comment_status":"closed","ping_status":"closed","template":"","meta":[],"_links":{"self":[{"href":"https:\/\/osteopathe.verny.org\/index.php\/wp-json\/wp\/v2\/pages\/40"}],"collection":[{"href":"https:\/\/osteopathe.verny.org\/index.php\/wp-json\/wp\/v2\/pages"}],"about":[{"href":"https:\/\/osteopathe.verny.org\/index.php\/wp-json\/wp\/v2\/types\/page"}],"author":[{"embeddable":true,"href":"https:\/\/osteopathe.verny.org\/index.php\/wp-json\/wp\/v2\/users\/1"}],"replies":[{"embeddable":true,"href":"https:\/\/osteopathe.verny.org\/index.php\/wp-json\/wp\/v2\/comments?post=40"}],"version-history":[{"count":14,"href":"https:\/\/osteopathe.verny.org\/index.php\/wp-json\/wp\/v2\/pages\/40\/revisions"}],"predecessor-version":[{"id":169,"href":"https:\/\/osteopathe.verny.org\/index.php\/wp-json\/wp\/v2\/pages\/40\/revisions\/169"}],"up":[{"embeddable":true,"href":"https:\/\/osteopathe.verny.org\/index.php\/wp-json\/wp\/v2\/pages\/31"}],"wp:attachment":[{"href":"https:\/\/osteopathe.verny.org\/index.php\/wp-json\/wp\/v2\/media?parent=40"}],"curies":[{"name":"wp","href":"https:\/\/api.w.org\/{rel}","templated":true}]}}