{"id":45,"date":"2017-11-26T21:10:57","date_gmt":"2017-11-26T20:10:57","guid":{"rendered":"http:\/\/osteopathe.verny.org\/?page_id=45"},"modified":"2025-01-08T15:26:32","modified_gmt":"2025-01-08T14:26:32","slug":"tarifs","status":"publish","type":"page","link":"https:\/\/osteopathe.verny.org\/index.php\/tarifs\/","title":{"rendered":"HONORAIRES"},"content":{"rendered":"<hr \/>\n<table>\n<tbody>\n<tr>\n<td style=\"text-align: center; width: 30%; vertical-align: top;\"><img decoding=\"async\" loading=\"lazy\" class=\"alignnone size-full wp-image-182\" src=\"http:\/\/osteopathe.verny.org\/wp-content\/uploads\/2017\/11\/euro.png\" alt=\"\" width=\"70\" height=\"70\" \/><\/p>\n<h4 style=\"color: #f08936;\"><span style=\"color: #48ba7c;\">Prix de la consultation<\/span><\/h4>\n<p class=\"text\">60\u20ac &#8211; Adulte, enfant, femme enceinte, sportif<\/p>\n<p>60\u20ac &#8211; Nourrissons 1\u00e8re consultation<\/p>\n<p>40\u20ac &#8211; Nourrissons consultation de suivi<\/td>\n<td style=\"text-align: center; width: 30%; vertical-align: top;\"><img decoding=\"async\" loading=\"lazy\" class=\"alignnone size-full wp-image-183\" src=\"http:\/\/osteopathe.verny.org\/wp-content\/uploads\/2017\/11\/modedepaiement.png\" alt=\"\" width=\"70\" height=\"70\" \/><\/p>\n<h4 style=\"color: #f08936;\"><span style=\"color: #48ba7c;\">Moyens de paiement<\/span><\/h4>\n<p class=\"text\">Carte bleue<br \/>\nEsp\u00e8ces<br \/>\nCh\u00e8ques<\/p>\n<\/td>\n<td style=\"text-align: center; width: 30%; vertical-align: top;\"><img decoding=\"async\" loading=\"lazy\" class=\"alignnone size-full wp-image-184\" src=\"http:\/\/osteopathe.verny.org\/wp-content\/uploads\/2017\/11\/rmb.png\" alt=\"\" width=\"70\" height=\"70\" \/><\/p>\n<h4 style=\"color: #f08936;\"><span style=\"color: #48ba7c;\">Remboursements<\/span><\/h4>\n<p class=\"text\">La s\u00e9curit\u00e9 sociale ne prend pas en charge les s\u00e9ances d&rsquo;ost\u00e9opathie. Veuillez vous rapprocher de votre mutuelle pour savoir si elle peut vous rembourser.<\/p>\n<p>Les mutuelles qui remboursent : <a href=\"https:\/\/www.osteopathie.org\/documents.php?url=mutuelles_22062017_109.pdf\">Liste 1<\/a> ; <a href=\"https:\/\/www.osteopathie.org\/mutuelles.html\">Liste 2<\/a><\/td>\n<\/tr>\n<\/tbody>\n<\/table>\n","protected":false},"excerpt":{"rendered":"<p>Prix de la consultation 60\u20ac &#8211; Adulte, enfant, femme enceinte, sportif 60\u20ac &#8211; Nourrissons 1\u00e8re consultation 40\u20ac &#8211; Nourrissons consultation de suivi Moyens de paiement Carte bleue Esp\u00e8ces Ch\u00e8ques Remboursements La s\u00e9curit\u00e9 sociale ne prend pas en charge les s\u00e9ances d&rsquo;ost\u00e9opathie. Veuillez vous rapprocher de votre mutuelle pour savoir si elle peut vous rembourser. Les [&hellip;]<\/p>\n","protected":false},"author":1,"featured_media":0,"parent":0,"menu_order":0,"comment_status":"closed","ping_status":"closed","template":"","meta":[],"_links":{"self":[{"href":"https:\/\/osteopathe.verny.org\/index.php\/wp-json\/wp\/v2\/pages\/45"}],"collection":[{"href":"https:\/\/osteopathe.verny.org\/index.php\/wp-json\/wp\/v2\/pages"}],"about":[{"href":"https:\/\/osteopathe.verny.org\/index.php\/wp-json\/wp\/v2\/types\/page"}],"author":[{"embeddable":true,"href":"https:\/\/osteopathe.verny.org\/index.php\/wp-json\/wp\/v2\/users\/1"}],"replies":[{"embeddable":true,"href":"https:\/\/osteopathe.verny.org\/index.php\/wp-json\/wp\/v2\/comments?post=45"}],"version-history":[{"count":20,"href":"https:\/\/osteopathe.verny.org\/index.php\/wp-json\/wp\/v2\/pages\/45\/revisions"}],"predecessor-version":[{"id":336,"href":"https:\/\/osteopathe.verny.org\/index.php\/wp-json\/wp\/v2\/pages\/45\/revisions\/336"}],"wp:attachment":[{"href":"https:\/\/osteopathe.verny.org\/index.php\/wp-json\/wp\/v2\/media?parent=45"}],"curies":[{"name":"wp","href":"https:\/\/api.w.org\/{rel}","templated":true}]}}