{"id":7,"date":"2017-03-17T15:44:24","date_gmt":"2017-03-17T14:44:24","guid":{"rendered":"http:\/\/osteopathe.verny.org\/?page_id=7"},"modified":"2021-06-22T10:01:38","modified_gmt":"2021-06-22T08:01:38","slug":"presentation","status":"publish","type":"page","link":"https:\/\/osteopathe.verny.org\/","title":{"rendered":"LE CABINET"},"content":{"rendered":"<hr \/>\n<div style=\"width: calc(50% - ( 0.5 * 30px ) ); float: left;\">\n<h2>Ost\u00e9opathe Aubigny-en-Artois &#8211; Pierre-Marie Verny<\/h2>\n<p>Je m&rsquo;appelle <strong>Pierre-Marie Verny<\/strong> et je suis <strong>ost\u00e9opathe \u00e0 Aubigny-en-Artois<\/strong>. Je souhaite en premier lieu vous remercier de visiter ce site web et je me tiens naturellement \u00e0 votre disposition pour plus de renseignements ou pour convenir d&rsquo;un rendez-vous.<\/p>\n<h2>Une g\u00eane, une douleur ? Ayez le r\u00e9flexe Ost\u00e9o ! Un ost\u00e9opathe peut vous soulager<\/h2>\n<p>D\u00e8s qu&rsquo;on fait r\u00e9f\u00e9rence aux ost\u00e9opathes, on les associe \u00e9videmment au traitement de probl\u00e8mes musculo-squelettiques.<\/p>\n<p>Cette discipline va plus loin, car elle permet de soigner des troubles li\u00e9s \u00e0 tout ce qui touche \u00e0 la sph\u00e8re ORL ou au syst\u00e8me digestif, entre autres.<\/p>\n<p>Le mot d&rsquo;ordre de l&rsquo;ost\u00e9opathe la pr\u00e9vention avant tout ! Quand l&rsquo;ost\u00e9opathe r\u00e9alise des manipulations, il en profite syst\u00e9matiquement pour identifier diff\u00e9rents probl\u00e8mes susceptibles de causer par la suite des douleurs.<\/p>\n<p>M\u00eame si vous n&rsquo;en ressentez pas la n\u00e9cessit\u00e9, il vaut mieux aller de fa\u00e7on r\u00e9guli\u00e8re chez un ost\u00e9opathe.<\/p>\n<p><em><strong>Votre cabinet d&rsquo;ost\u00e9opathie de Aubigny-en-Artois vous accueille 6 jours sur 7, de 8 heures \u00e0 21 heures.<\/strong><\/em><\/p>\n<h2>Mieux se soigner avec l&rsquo;ost\u00e9opathie \u00e0 Aubigny en Artois<\/h2>\n<p>Vous aurez l&rsquo;occasion de vous en convaincre lors d\u2019une consultation dans mon cabinet \u00e0 Aubigny-en-Artois : l\u2019ost\u00e9opathie est une m\u00e9decine naturelle et manuelle.<\/p>\n<p>Gr\u00e2ce \u00e0 l&rsquo;ost\u00e9opathie, le corps va utiliser ses capacit\u00e9s d&rsquo;autogu\u00e9rison de fa\u00e7on optimale.<\/p>\n<p>Il n&rsquo;y a de ce fait rien d&rsquo;\u00e9tonnant \u00e0 ce que les ost\u00e9opathes suivent de longues \u00e9tudes, ils ma\u00eetrisent effectivement des domaines tels que la biologie et la physiologie.<\/p>\n<p>Un traumatisme ou un d\u00e9s\u00e9quilibre du m\u00e9tabolisme constituent une source possible pour des soucis appel\u00e9s \u00e0 appara\u00eetre des ann\u00e9es apr\u00e8s.<\/p>\n<p>La plupart des mutuelles ont saisi l\u2019utilit\u00e9 de l\u2019ost\u00e9opathie et acceptent aujourd&rsquo;hui le remboursement des s\u00e9ances.<\/p>\n<h2>L&rsquo;ost\u00e9opathie, cela concerne qui ?<\/h2>\n<p>Les personnes accueillies par le cabinet d&rsquo;ost\u00e9opathie d&rsquo;Aubigny-en-Artois ont des besoins multiples :<\/p>\n<ol>\n<li>Votre nouveau-n\u00e9 souffre d&rsquo;otites ou de troubles concernant son sommeil ? L&rsquo;ost\u00e9opathie pourra en identifier l&rsquo;origine et la traiter.<\/li>\n<li>En vieillissant, on devient moins souple. Ce ph\u00e9nom\u00e8ne peut \u00eatre r\u00e9duit de fa\u00e7on importante par les th\u00e9rapies manuelles qu&rsquo;apporte l&rsquo;ost\u00e9opathie.<\/li>\n<li>L&rsquo;ost\u00e9opathie s&rsquo;av\u00e8re \u00e9galement tr\u00e8s b\u00e9n\u00e9fique pour les sportifs, lors de la pr\u00e9paration physique ou pour traiter des traumatismes inh\u00e9rents \u00e0 la pratique (douleurs musculaires, d\u00e9chirures\u2026).<\/li>\n<li>L&rsquo;accompagnement des femmes enceintes n&rsquo;est pas rare en ost\u00e9opathie. Il est en effet crucial de pr\u00e9venir ou soulager les traumatismes qui peuvent survenir pendant cette p\u00e9riode tr\u00e8s sp\u00e9cifique dans la vie d&rsquo;une future maman.<\/li>\n<\/ol>\n<\/div>\n<div style=\"width: calc(50% - ( 0.5 * 30px ) ); float: right;\">\n<h2 style=\"text-align: center;\"><span style=\"color: #48ba7c;\"><br \/>\n190 rue L\u00e9ona Occre<br \/>\n62 690 &#8211; Aubigny en Artois<\/span><\/h2>\n<p>Lundi au vendredi 8H &#8211; 21H<br \/>\nSamedi 8H &#8211; 12H<\/p>\n<p><iframe loading=\"lazy\" style=\"border: 0;\" src=\"https:\/\/www.google.com\/maps\/embed?pb=!1m18!1m12!1m3!1d1800.1948565958567!2d2.578911611079716!3d50.350516906934914!2m3!1f0!2f0!3f0!3m2!1i1024!2i768!4f13.1!3m3!1m2!1s0x47dd157accae6833%3A0x5956edadedf95cae!2s190%20Rue%20Leona%20Occre%2C%2062690%20Aubigny-en-Artois!5e0!3m2!1sfr!2sfr!4v1624348703096!5m2!1sfr!2sfr\" width=\"600\" height=\"450\" frameborder=\"0\" allowfullscreen=\"allowfullscreen\"><\/iframe><\/p>\n<h2>C&rsquo;est une formation reconnue par le Minist\u00e8re de la Sant\u00e9<\/h2>\n<p>Le nombre d&rsquo;ost\u00e9opathes s&rsquo;est consid\u00e9rablement accru en France dans les derni\u00e8res ann\u00e9es.<\/p>\n<p>En 2014, le Minist\u00e8re de la Sant\u00e9 a d\u00e9fini de nouvelles conditions pour reconna\u00eetre de mani\u00e8re officielle les diff\u00e9rentes formations qui permettent l&rsquo;exercice du m\u00e9tier d&rsquo;ost\u00e9opathe.<\/p>\n<p>J&rsquo;ai install\u00e9 mon cabinet \u00e0 Aubigny-en-Artois apr\u00e8s <strong>cinq ann\u00e9es d&rsquo;\u00e9tudes aupr\u00e8s de l&rsquo;\u00c9cole d&rsquo;Ost\u00e9opathie de l&rsquo;ISO Lille, qui est agr\u00e9\u00e9e pour d\u00e9cerner le Dipl\u00f4me d&rsquo;Ost\u00e9opathe<\/strong>, autorisant l&rsquo;usage du titre d&rsquo;ost\u00e9opathe et la pratique lib\u00e9rale de cette profession.<\/p>\n<\/div>\n","protected":false},"excerpt":{"rendered":"<p>Ost\u00e9opathe Aubigny-en-Artois &#8211; Pierre-Marie Verny Je m&rsquo;appelle Pierre-Marie Verny et je suis ost\u00e9opathe \u00e0 Aubigny-en-Artois. Je souhaite en premier lieu vous remercier de visiter ce site web et je me tiens naturellement \u00e0 votre disposition pour plus de renseignements ou pour convenir d&rsquo;un rendez-vous. Une g\u00eane, une douleur ? Ayez le r\u00e9flexe Ost\u00e9o ! Un [&hellip;]<\/p>\n","protected":false},"author":1,"featured_media":0,"parent":0,"menu_order":0,"comment_status":"closed","ping_status":"closed","template":"","meta":[],"_links":{"self":[{"href":"https:\/\/osteopathe.verny.org\/index.php\/wp-json\/wp\/v2\/pages\/7"}],"collection":[{"href":"https:\/\/osteopathe.verny.org\/index.php\/wp-json\/wp\/v2\/pages"}],"about":[{"href":"https:\/\/osteopathe.verny.org\/index.php\/wp-json\/wp\/v2\/types\/page"}],"author":[{"embeddable":true,"href":"https:\/\/osteopathe.verny.org\/index.php\/wp-json\/wp\/v2\/users\/1"}],"replies":[{"embeddable":true,"href":"https:\/\/osteopathe.verny.org\/index.php\/wp-json\/wp\/v2\/comments?post=7"}],"version-history":[{"count":20,"href":"https:\/\/osteopathe.verny.org\/index.php\/wp-json\/wp\/v2\/pages\/7\/revisions"}],"predecessor-version":[{"id":326,"href":"https:\/\/osteopathe.verny.org\/index.php\/wp-json\/wp\/v2\/pages\/7\/revisions\/326"}],"wp:attachment":[{"href":"https:\/\/osteopathe.verny.org\/index.php\/wp-json\/wp\/v2\/media?parent=7"}],"curies":[{"name":"wp","href":"https:\/\/api.w.org\/{rel}","templated":true}]}}